{"id":192,"date":"2019-10-01T06:52:00","date_gmt":"2019-10-01T06:52:00","guid":{"rendered":"https:\/\/uzene.ba\/?page_id=192"},"modified":"2023-01-27T22:56:09","modified_gmt":"2023-01-27T22:56:09","slug":"prolog","status":"publish","type":"page","link":"https:\/\/uzene.ba\/en\/prolog\/","title":{"rendered":"How we started"},"content":{"rendered":"<p>[et_pb_section fb_built=&#8221;1&#8221; _builder_version=&#8221;3.29.3&#8221; custom_css_main_element=&#8221;min-height: 80vh;&#8221;][et_pb_row _builder_version=&#8221;3.29.3&#8221;][et_pb_column type=&#8221;4_4&#8221; _builder_version=&#8221;3.29.3&#8221;][et_pb_testimonial author=&#8221;Dr. sci. Jasna Hamzabegovi\u0107,&#8221; job_title=&#8221;Predsjednica Udru\u017eenja  \u201eUjedinjene \u017eene\u201c&#8221; portrait_url=&#8221;https:\/\/uzene.ba\/wp-content\/uploads\/2019\/10\/Jasna-H-Kako-je-pocelo.png&#8221; portrait_width=&#8221;120px&#8221; portrait_height=&#8221;120px&#8221; _builder_version=&#8221;3.29.3&#8221; body_text_align=&#8221;justify&#8221; body_font_size=&#8221;16px&#8221; box_shadow_style_image=&#8221;preset2&#8221; box_shadow_horizontal_image=&#8221;3px&#8221; box_shadow_vertical_image=&#8221;5px&#8221; box_shadow_blur_image=&#8221;11px&#8221;]<\/p>\n<p>&nbsp;<\/p>\n<p>&nbsp;<\/p>\n<p>Dear us...\u00a0<\/p>\n<p>na\u0161e zajedni\u010dko putovanje zapo\u010delo je krajem 2018. godine sa malom grupom na Viberu. Ubrzo su nam se pridru\u017eile GRACIJE iz cijele Bosne i Hercegovine. Nismo znale i ne \u017eelimo znati \u00a0za granice, za entitete, za strana\u010dku i nacionalnu pripadnost.<\/p>\n<p>Mi smo: doma\u0107ice, studentice, magistrice i doktorice nauka, lije\u010dnice, profesorice, odgajateljice, uspje\u0161ne poslovne \u017eene, zaposlene,\u00a0 nezaposlene, penzionerke, tinejd\u017eerke\u2026 \u017eene koje\u00a0 podr\u017eavaju\u00a0 raznolikost. Humanitarke i prijateljice.<\/p>\n<p>Odlu\u010dile smo uklju\u010diti sve svoje potencijale kako bismo podr\u017eale i osna\u017eile\u00a0sve \u017eene \u2013\u00a0 na\u0161u mladu bosanskohercegova\u010dku \u017eenu, na\u0161u studenticu, penzionerku, bosanskohercegova\u010dku \u017eenu koja radi i uspje\u0161no dr\u017ei 3 temelja ku\u0107e, \u017eenu doma\u0107icu koja je odgojila uspje\u0161ne \u0111ake i studente, o\u0161troumnu bosanskohercegova\u010dku \u017eenu sa sela koja iz \u201eni\u0161ta\u201c stvara \u201ene\u0161to\u201c&#8230;<\/p>\n<p>Odlu\u010dile smo pokazati svoju odlu\u010dnost, hrabrost, istrajnost i spremnost na borbu za ravnopravni status \u017eene u dru\u0161tvu. Grade\u0107i i njeguju\u0107i\u00a0 harmoni\u010dne porodice, odgajaju\u0107i mlade ljude, spa\u0161avaju\u0107i \u017eivote, podu\u010davaju\u0107i generacije i generacije u\u010denika, grade\u0107i mostove i zgrade, spa\u0161avaju\u0107i\u00a0 rijeke i \u0161ume\u00a0 svakim danom pokazujemo da nismo \u201eslabiji spol\u201c. Mi, majke, sestre, tetke, bake mo\u017eemo pojedina\u010dno u\u010diniti puno, ali mnogo vi\u0161e ako smo UJEDINJENE.<\/p>\n<p>Stoga bi\u0107e nam drago ako nam se pridru\u017eite na na\u0161em\u00a0 zajedni\u010dkom putu!<\/p>\n<p>[\/et_pb_testimonial][\/et_pb_column][\/et_pb_row][\/et_pb_section]<\/p>","protected":false},"excerpt":{"rendered":"<p>[et_pb_section fb_built=&#8221;1&#8221; _builder_version=&#8221;3.29.3&#8221; custom_css_main_element=&#8221;min-height: 80vh;&#8221;][et_pb_row _builder_version=&#8221;3.29.3&#8221;][et_pb_column type=&#8221;4_4&#8221; _builder_version=&#8221;3.29.3&#8221;][et_pb_testimonial author=&#8221;Dr. sci. Jasna Hamzabegovi\u0107,&#8221; job_title=&#8221;Predsjednica Udru\u017eenja \u201eUjedinjene \u017eene\u201c&#8221; portrait_url=&#8221;https:\/\/uzene.ba\/wp-content\/uploads\/2019\/10\/Jasna-H-Kako-je-pocelo.png&#8221; portrait_width=&#8221;120px&#8221; portrait_height=&#8221;120px&#8221; _builder_version=&#8221;3.29.3&#8221; body_text_align=&#8221;justify&#8221; body_font_size=&#8221;16px&#8221; box_shadow_style_image=&#8221;preset2&#8221; box_shadow_horizontal_image=&#8221;3px&#8221; box_shadow_vertical_image=&#8221;5px&#8221; box_shadow_blur_image=&#8221;11px&#8221;] &nbsp; &nbsp; Drage moje GRACIJE,\u00a0 na\u0161e zajedni\u010dko putovanje zapo\u010delo je krajem 2018. godine sa malom grupom na Viberu. Ubrzo su nam se pridru\u017eile GRACIJE iz cijele Bosne i Hercegovine. [&hellip;]<\/p>","protected":false},"author":1,"featured_media":0,"parent":0,"menu_order":0,"comment_status":"closed","ping_status":"closed","template":"","meta":{"_et_pb_use_builder":"on","_et_pb_old_content":"","_et_gb_content_width":""},"yoast_head":"<!-- This site is optimized with the Yoast SEO plugin v14.8 - https:\/\/yoast.com\/wordpress\/plugins\/seo\/ -->\n<title>Kako smo po\u010dele - Ujedinjene \u017eene<\/title>\n<meta name=\"robots\" content=\"index, follow\" \/>\n<meta name=\"googlebot\" content=\"index, follow, max-snippet:-1, max-image-preview:large, max-video-preview:-1\" \/>\n<meta name=\"bingbot\" content=\"index, follow, max-snippet:-1, max-image-preview:large, max-video-preview:-1\" \/>\n<link rel=\"canonical\" href=\"https:\/\/uzene.ba\/en\/prolog\/\" \/>\n<meta property=\"og:locale\" content=\"en_GB\" \/>\n<meta property=\"og:type\" content=\"article\" \/>\n<meta property=\"og:title\" content=\"Kako smo po\u010dele - Ujedinjene \u017eene\" \/>\n<meta property=\"og:description\" content=\"[et_pb_section fb_built=&#8221;1&#8221; _builder_version=&#8221;3.29.3&#8221; custom_css_main_element=&#8221;min-height: 80vh;&#8221;][et_pb_row _builder_version=&#8221;3.29.3&#8221;][et_pb_column type=&#8221;4_4&#8221; _builder_version=&#8221;3.29.3&#8221;][et_pb_testimonial author=&#8221;Dr. sci. Jasna Hamzabegovi\u0107,&#8221; job_title=&#8221;Predsjednica Udru\u017eenja \u201eUjedinjene \u017eene\u201c&#8221; portrait_url=&#8221;https:\/\/uzene.ba\/wp-content\/uploads\/2019\/10\/Jasna-H-Kako-je-pocelo.png&#8221; portrait_width=&#8221;120px&#8221; portrait_height=&#8221;120px&#8221; _builder_version=&#8221;3.29.3&#8221; body_text_align=&#8221;justify&#8221; body_font_size=&#8221;16px&#8221; box_shadow_style_image=&#8221;preset2&#8221; box_shadow_horizontal_image=&#8221;3px&#8221; box_shadow_vertical_image=&#8221;5px&#8221; box_shadow_blur_image=&#8221;11px&#8221;] &nbsp; &nbsp; Drage moje GRACIJE,\u00a0 na\u0161e zajedni\u010dko putovanje zapo\u010delo je krajem 2018. godine sa malom grupom na Viberu. Ubrzo su nam se pridru\u017eile GRACIJE iz cijele Bosne i Hercegovine. [&hellip;]\" \/>\n<meta property=\"og:url\" content=\"https:\/\/uzene.ba\/en\/prolog\/\" \/>\n<meta property=\"og:site_name\" content=\"Ujedinjene \u017eene\" \/>\n<meta property=\"article:publisher\" content=\"https:\/\/www.facebook.com\/ujedinjenezenebih\/\" \/>\n<meta property=\"article:modified_time\" content=\"2023-01-27T22:56:09+00:00\" \/>\n<script type=\"application\/ld+json\" class=\"yoast-schema-graph\">{\"@context\":\"https:\/\/schema.org\",\"@graph\":[{\"@type\":\"WebSite\",\"@id\":\"https:\/\/uzene.ba\/en\/#website\",\"url\":\"https:\/\/uzene.ba\/en\/\",\"name\":\"Ujedinjene \\u017eene\",\"description\":\"Oficijelna stranica udru\\u017eenja &quot;Ujedinjene \\u017eene&quot; Bosne i Hercegovine\",\"potentialAction\":[{\"@type\":\"SearchAction\",\"target\":\"https:\/\/uzene.ba\/en\/?s={search_term_string}\",\"query-input\":\"required name=search_term_string\"}],\"inLanguage\":\"en-GB\"},{\"@type\":\"WebPage\",\"@id\":\"https:\/\/uzene.ba\/prolog\/#webpage\",\"url\":\"https:\/\/uzene.ba\/prolog\/\",\"name\":\"Kako smo po\\u010dele - Ujedinjene \\u017eene\",\"isPartOf\":{\"@id\":\"https:\/\/uzene.ba\/en\/#website\"},\"datePublished\":\"2019-10-01T06:52:00+00:00\",\"dateModified\":\"2023-01-27T22:56:09+00:00\",\"inLanguage\":\"en-GB\",\"potentialAction\":[{\"@type\":\"ReadAction\",\"target\":[\"https:\/\/uzene.ba\/prolog\/\"]}]}]}<\/script>\n<!-- \/ Yoast SEO plugin. -->","_links":{"self":[{"href":"https:\/\/uzene.ba\/en\/wp-json\/wp\/v2\/pages\/192"}],"collection":[{"href":"https:\/\/uzene.ba\/en\/wp-json\/wp\/v2\/pages"}],"about":[{"href":"https:\/\/uzene.ba\/en\/wp-json\/wp\/v2\/types\/page"}],"author":[{"embeddable":true,"href":"https:\/\/uzene.ba\/en\/wp-json\/wp\/v2\/users\/1"}],"replies":[{"embeddable":true,"href":"https:\/\/uzene.ba\/en\/wp-json\/wp\/v2\/comments?post=192"}],"version-history":[{"count":17,"href":"https:\/\/uzene.ba\/en\/wp-json\/wp\/v2\/pages\/192\/revisions"}],"predecessor-version":[{"id":1219,"href":"https:\/\/uzene.ba\/en\/wp-json\/wp\/v2\/pages\/192\/revisions\/1219"}],"wp:attachment":[{"href":"https:\/\/uzene.ba\/en\/wp-json\/wp\/v2\/media?parent=192"}],"curies":[{"name":"wp","href":"https:\/\/api.w.org\/{rel}","templated":true}]}}