{"id":670,"date":"2019-12-16T17:04:41","date_gmt":"2019-12-16T17:04:41","guid":{"rendered":"https:\/\/uzene.ba\/?page_id=670"},"modified":"2022-02-07T11:13:51","modified_gmt":"2022-02-07T11:13:51","slug":"uplateidonacije","status":"publish","type":"page","link":"https:\/\/uzene.ba\/en\/uplateidonacije\/","title":{"rendered":"Donations and payments"},"content":{"rendered":"<p>[et_pb_section fb_built=&#8221;1&#8221; _builder_version=&#8221;3.29.3&#8221; custom_padding=&#8221;11px||8px|||&#8221;][et_pb_row _builder_version=&#8221;3.29.3&#8221;][et_pb_column type=&#8221;4_4&#8221; _builder_version=&#8221;3.29.3&#8221;][et_pb_text _builder_version=&#8221;3.29.3&#8221; header_3_font=&#8221;Lora||||||||&#8221;]<\/p>\n<h3 style=\"text-align: center;\">Iznos: 20KM ili 20$ ili 20\u20ac ovisno o dr\u017eavi \u010dlanice<\/h3>\n<p>[\/et_pb_text][\/et_pb_column][\/et_pb_row][\/et_pb_section][et_pb_section fb_built=&#8221;1&#8221; _builder_version=&#8221;3.29.3&#8221;][et_pb_row column_structure=&#8221;1_2,1_2&#8221; _builder_version=&#8221;3.29.3&#8221;][et_pb_column type=&#8221;1_2&#8221; _builder_version=&#8221;3.29.3&#8221;][et_pb_text _builder_version=&#8221;4.5.7&#8221; text_font=&#8221;Lora||||||||&#8221; text_font_size=&#8221;18px&#8221; header_font=&#8221;Oswald|||on|||||&#8221; hover_enabled=&#8221;0&#8221;]<\/p>\n<h3 style=\"text-align: left;\"><strong>UPLATA U KM<\/strong><\/h3>\n<p>UniCredit Bank<br \/>Ra\u010dun broj: 3385002285950031<br \/>Svrha: Uplata \u010dlanarine za 2022. ILI DONACIJA<br \/>Primatelj: Udru\u017eenje \u201eUjedinjene \u017eene\u201c<br \/>Adresa: Sarajevska 28 77000 Biha\u0107<\/p>\n<p>[\/et_pb_text][\/et_pb_column][et_pb_column type=&#8221;1_2&#8221; _builder_version=&#8221;3.29.3&#8221;][et_pb_text _builder_version=&#8221;4.5.7&#8221; text_font=&#8221;Lora||||||||&#8221; text_font_size=&#8221;18px&#8221; header_font=&#8221;Oswald||||||||&#8221; hover_enabled=&#8221;0&#8221;]<\/p>\n<h3 style=\"text-align: left;\"><strong>UPLATA IZ INOZEMSTVA<\/strong><\/h3>\n<p>UniCredit Bank<br \/>IBAN broj: BA393385004885951417<br \/>SWIFT: UNCRBA 22<br \/>Svrha: Uplata \u010dlanarine za 2022. ILI DONACIJA\u200b_<br \/>Primatelj: Udru\u017eenje \u201eUjedinjene \u017eene\u201c<br \/>Adresa: Sarajevska 28 77000 Biha\u0107<\/p>\n<p>[\/et_pb_text][\/et_pb_column][\/et_pb_row][\/et_pb_section][et_pb_section fb_built=&#8221;1&#8221; _builder_version=&#8221;3.29.3&#8221; custom_padding=&#8221;2px|||||&#8221;][et_pb_row _builder_version=&#8221;3.29.3&#8221;][et_pb_column type=&#8221;4_4&#8221; _builder_version=&#8221;3.29.3&#8221;][et_pb_text _builder_version=&#8221;3.29.3&#8221; text_font=&#8221;Lora||||||||&#8221; text_font_size=&#8221;20px&#8221; header_font=&#8221;Oswald|||on|||||&#8221; text_orientation=&#8221;center&#8221;]<\/p>\n<h1>PayPal<\/h1>\n<p>Uplate na Paypal ra\u010dun na adresu:<br \/> info@uzene.ba<\/p>\n<p>[\/et_pb_text][\/et_pb_column][\/et_pb_row][\/et_pb_section]<\/p>","protected":false},"excerpt":{"rendered":"<p>[et_pb_section fb_built=&#8221;1&#8221; _builder_version=&#8221;3.29.3&#8221; custom_padding=&#8221;11px||8px|||&#8221;][et_pb_row _builder_version=&#8221;3.29.3&#8221;][et_pb_column type=&#8221;4_4&#8221; _builder_version=&#8221;3.29.3&#8221;][et_pb_text _builder_version=&#8221;3.29.3&#8221; header_3_font=&#8221;Lora||||||||&#8221;] Iznos: 20KM ili 20$ ili 20\u20ac ovisno o dr\u017eavi \u010dlanice [\/et_pb_text][\/et_pb_column][\/et_pb_row][\/et_pb_section][et_pb_section fb_built=&#8221;1&#8221; _builder_version=&#8221;3.29.3&#8221;][et_pb_row column_structure=&#8221;1_2,1_2&#8221; _builder_version=&#8221;3.29.3&#8221;][et_pb_column type=&#8221;1_2&#8221; _builder_version=&#8221;3.29.3&#8221;][et_pb_text _builder_version=&#8221;4.5.7&#8221; text_font=&#8221;Lora||||||||&#8221; text_font_size=&#8221;18px&#8221; header_font=&#8221;Oswald|||on|||||&#8221; hover_enabled=&#8221;0&#8221;] UPLATA U KM UniCredit BankRa\u010dun broj: 3385002285950031Svrha: Uplata \u010dlanarine za 2022. ILI DONACIJAPrimatelj: Udru\u017eenje \u201eUjedinjene \u017eene\u201cAdresa: Sarajevska 28 77000 Biha\u0107 [\/et_pb_text][\/et_pb_column][et_pb_column type=&#8221;1_2&#8221; _builder_version=&#8221;3.29.3&#8221;][et_pb_text _builder_version=&#8221;4.5.7&#8221; [&hellip;]<\/p>","protected":false},"author":1,"featured_media":0,"parent":0,"menu_order":0,"comment_status":"closed","ping_status":"closed","template":"","meta":{"_et_pb_use_builder":"on","_et_pb_old_content":"","_et_gb_content_width":""},"yoast_head":"<!-- This site is optimized with the Yoast SEO plugin v14.8 - https:\/\/yoast.com\/wordpress\/plugins\/seo\/ -->\n<title>Uplate i donacije - Ujedinjene \u017eene<\/title>\n<meta name=\"robots\" content=\"index, follow\" \/>\n<meta name=\"googlebot\" content=\"index, follow, max-snippet:-1, max-image-preview:large, max-video-preview:-1\" \/>\n<meta name=\"bingbot\" content=\"index, follow, max-snippet:-1, max-image-preview:large, max-video-preview:-1\" \/>\n<link rel=\"canonical\" href=\"https:\/\/uzene.ba\/en\/uplateidonacije\/\" \/>\n<meta property=\"og:locale\" content=\"en_GB\" \/>\n<meta property=\"og:type\" content=\"article\" \/>\n<meta property=\"og:title\" content=\"Uplate i donacije - Ujedinjene \u017eene\" \/>\n<meta property=\"og:description\" content=\"[et_pb_section fb_built=&#8221;1&#8221; _builder_version=&#8221;3.29.3&#8221; custom_padding=&#8221;11px||8px|||&#8221;][et_pb_row _builder_version=&#8221;3.29.3&#8221;][et_pb_column type=&#8221;4_4&#8221; _builder_version=&#8221;3.29.3&#8221;][et_pb_text _builder_version=&#8221;3.29.3&#8221; header_3_font=&#8221;Lora||||||||&#8221;] Iznos: 20KM ili 20$ ili 20\u20ac ovisno o dr\u017eavi \u010dlanice [\/et_pb_text][\/et_pb_column][\/et_pb_row][\/et_pb_section][et_pb_section fb_built=&#8221;1&#8221; _builder_version=&#8221;3.29.3&#8221;][et_pb_row column_structure=&#8221;1_2,1_2&#8221; _builder_version=&#8221;3.29.3&#8221;][et_pb_column type=&#8221;1_2&#8221; _builder_version=&#8221;3.29.3&#8221;][et_pb_text _builder_version=&#8221;4.5.7&#8221; text_font=&#8221;Lora||||||||&#8221; text_font_size=&#8221;18px&#8221; header_font=&#8221;Oswald|||on|||||&#8221; hover_enabled=&#8221;0&#8221;] UPLATA U KM UniCredit BankRa\u010dun broj: 3385002285950031Svrha: Uplata \u010dlanarine za 2022. ILI DONACIJAPrimatelj: Udru\u017eenje \u201eUjedinjene \u017eene\u201cAdresa: Sarajevska 28 77000 Biha\u0107 [\/et_pb_text][\/et_pb_column][et_pb_column type=&#8221;1_2&#8221; _builder_version=&#8221;3.29.3&#8221;][et_pb_text _builder_version=&#8221;4.5.7&#8221; [&hellip;]\" \/>\n<meta property=\"og:url\" content=\"https:\/\/uzene.ba\/en\/uplateidonacije\/\" \/>\n<meta property=\"og:site_name\" content=\"Ujedinjene \u017eene\" \/>\n<meta property=\"article:publisher\" content=\"https:\/\/www.facebook.com\/ujedinjenezenebih\/\" \/>\n<meta property=\"article:modified_time\" content=\"2022-02-07T11:13:51+00:00\" \/>\n<script type=\"application\/ld+json\" class=\"yoast-schema-graph\">{\"@context\":\"https:\/\/schema.org\",\"@graph\":[{\"@type\":\"WebSite\",\"@id\":\"https:\/\/uzene.ba\/en\/#website\",\"url\":\"https:\/\/uzene.ba\/en\/\",\"name\":\"Ujedinjene \\u017eene\",\"description\":\"Oficijelna stranica udru\\u017eenja &quot;Ujedinjene \\u017eene&quot; Bosne i Hercegovine\",\"potentialAction\":[{\"@type\":\"SearchAction\",\"target\":\"https:\/\/uzene.ba\/en\/?s={search_term_string}\",\"query-input\":\"required name=search_term_string\"}],\"inLanguage\":\"en-GB\"},{\"@type\":\"WebPage\",\"@id\":\"https:\/\/uzene.ba\/uplateidonacije\/#webpage\",\"url\":\"https:\/\/uzene.ba\/uplateidonacije\/\",\"name\":\"Uplate i donacije - Ujedinjene \\u017eene\",\"isPartOf\":{\"@id\":\"https:\/\/uzene.ba\/en\/#website\"},\"datePublished\":\"2019-12-16T17:04:41+00:00\",\"dateModified\":\"2022-02-07T11:13:51+00:00\",\"inLanguage\":\"en-GB\",\"potentialAction\":[{\"@type\":\"ReadAction\",\"target\":[\"https:\/\/uzene.ba\/uplateidonacije\/\"]}]}]}<\/script>\n<!-- \/ Yoast SEO plugin. -->","_links":{"self":[{"href":"https:\/\/uzene.ba\/en\/wp-json\/wp\/v2\/pages\/670"}],"collection":[{"href":"https:\/\/uzene.ba\/en\/wp-json\/wp\/v2\/pages"}],"about":[{"href":"https:\/\/uzene.ba\/en\/wp-json\/wp\/v2\/types\/page"}],"author":[{"embeddable":true,"href":"https:\/\/uzene.ba\/en\/wp-json\/wp\/v2\/users\/1"}],"replies":[{"embeddable":true,"href":"https:\/\/uzene.ba\/en\/wp-json\/wp\/v2\/comments?post=670"}],"version-history":[{"count":10,"href":"https:\/\/uzene.ba\/en\/wp-json\/wp\/v2\/pages\/670\/revisions"}],"predecessor-version":[{"id":1265,"href":"https:\/\/uzene.ba\/en\/wp-json\/wp\/v2\/pages\/670\/revisions\/1265"}],"wp:attachment":[{"href":"https:\/\/uzene.ba\/en\/wp-json\/wp\/v2\/media?parent=670"}],"curies":[{"name":"wp","href":"https:\/\/api.w.org\/{rel}","templated":true}]}}