{"id":692,"date":"2020-01-07T18:16:28","date_gmt":"2020-01-07T18:16:28","guid":{"rendered":"https:\/\/uzene.ba\/?page_id=692"},"modified":"2020-06-27T09:53:42","modified_gmt":"2020-06-27T09:53:42","slug":"nasih-ruku-djela","status":"publish","type":"page","link":"https:\/\/uzene.ba\/en\/nasih-ruku-djela\/","title":{"rendered":"Our handiwork"},"content":{"rendered":"<p>[et_pb_section fb_built=&#8221;1&#8221; _builder_version=&#8221;3.29.3&#8221; fb_built=&#8221;1&#8221; _i=&#8221;0&#8221; _address=&#8221;0&#8221;][et_pb_row _builder_version=&#8221;3.29.3&#8221; background_image=&#8221;https:\/\/uzene.ba\/wp-content\/uploads\/2020\/01\/pattern-15f.png&#8221; _i=&#8221;0&#8221; _address=&#8221;0.0&#8221;][et_pb_column type=&#8221;4_4&#8221; _builder_version=&#8221;3.29.3&#8221; _i=&#8221;0&#8221; _address=&#8221;0.0.0&#8221;][et_pb_post_title meta=&#8221;off&#8221; featured_image=&#8221;off&#8221; _builder_version=&#8221;3.29.3&#8221; title_font=&#8221;Lora|||||on|||&#8221; title_text_align=&#8221;center&#8221; title_font_size=&#8221;38px&#8221; _i=&#8221;0&#8221; _address=&#8221;0.0.0.0&#8221;][\/et_pb_post_title][\/et_pb_column][\/et_pb_row][et_pb_row _builder_version=&#8221;3.29.3&#8221; width=&#8221;100%&#8221; _i=&#8221;1&#8221; _address=&#8221;0.1&#8221;][et_pb_column type=&#8221;4_4&#8221; _builder_version=&#8221;3.29.3&#8221; _i=&#8221;0&#8221; _address=&#8221;0.1.0&#8221;][et_pb_blurb title=&#8221;Zbirka pjesama %22\u017dena bosanska%22&#8221; image=&#8221;https:\/\/uzene.ba\/wp-content\/uploads\/2020\/01\/0-02-05-23978ec961ceb5fd78b3b5ddcaf48fef6f6e6f3af033f8a7f4916da313406458_1f88f1e8e94319.jpg&#8221; content_max_width=&#8221;65%&#8221; content_max_width_tablet=&#8221;85%&#8221; content_max_width_phone=&#8221;95%&#8221; content_max_width_last_edited=&#8221;on|tablet&#8221; _builder_version=&#8221;3.29.3&#8221; header_level=&#8221;h1&#8221; header_font=&#8221;Oswald||||||||&#8221; body_font=&#8221;Lora||||||||&#8221; body_font_size=&#8221;16px&#8221; background_image=&#8221;https:\/\/uzene.ba\/wp-content\/uploads\/2020\/01\/pattern-15f.png&#8221; parallax=&#8221;on&#8221; custom_padding=&#8221;10px||10px||true|false&#8221; border_radii_image=&#8221;on|30px|30px|30px|30px&#8221; _i=&#8221;0&#8221; _address=&#8221;0.1.0.0&#8221;]Amina Buljuba\u0161i\u0107<br \/>\n<a href=\"tel: +387 61 690 702\">+387 61 690 702<\/a>[\/et_pb_blurb][\/et_pb_column][\/et_pb_row][et_pb_row _builder_version=&#8221;3.29.3&#8221; width=&#8221;100%&#8221; _i=&#8221;2&#8221; _address=&#8221;0.2&#8221;][et_pb_column type=&#8221;4_4&#8221; _builder_version=&#8221;3.29.3&#8221; _i=&#8221;0&#8221; _address=&#8221;0.2.0&#8221;][et_pb_blurb title=&#8221;Dekupa\u017e i slikanje akrilnom bojom&#8221; image=&#8221;https:\/\/uzene.ba\/wp-content\/uploads\/2020\/01\/0-02-05-bd51af36d1fbe9eaebf3b6b16a344743aaceab378a51b53eee05f0a5e4d59069_1f88f1e8e9b35c.jpg&#8221; content_max_width=&#8221;65%&#8221; content_max_width_tablet=&#8221;85%&#8221; content_max_width_phone=&#8221;95%&#8221; content_max_width_last_edited=&#8221;on|tablet&#8221; _builder_version=&#8221;3.29.3&#8221; header_level=&#8221;h1&#8221; header_font=&#8221;Oswald||||||||&#8221; body_font=&#8221;Lora||||||||&#8221; body_font_size=&#8221;16px&#8221; background_image=&#8221;https:\/\/uzene.ba\/wp-content\/uploads\/2020\/01\/pattern-15f.png&#8221; parallax=&#8221;on&#8221; custom_padding=&#8221;10px||10px||true|false&#8221; border_radii_image=&#8221;on|30px|30px|30px|30px&#8221; _i=&#8221;0&#8221; _address=&#8221;0.2.0.0&#8221;]Zada Hasanagi\u0107<br \/>\n<a href=\"tel: +387 63 793 390\">+387 63 793 390<\/a>[\/et_pb_blurb][\/et_pb_column][\/et_pb_row][et_pb_row _builder_version=&#8221;3.29.3&#8221; width=&#8221;100%&#8221; _i=&#8221;3&#8221; _address=&#8221;0.3&#8221;][et_pb_column type=&#8221;4_4&#8221; _builder_version=&#8221;3.29.3&#8221; _i=&#8221;0&#8221; _address=&#8221;0.3.0&#8221;][et_pb_blurb title=&#8221;Pirografija,crtanje u\u017earenim predmetom&#8221; image=&#8221;https:\/\/uzene.ba\/wp-content\/uploads\/2020\/01\/0-02-05-81ce3332b17ca7dfa55c7eab8992cd6385bc9a5fbeeaa9ae1fec527becd7b66b_1f88f1e8e95a9d.jpg&#8221; content_max_width=&#8221;65%&#8221; content_max_width_tablet=&#8221;85%&#8221; content_max_width_phone=&#8221;95%&#8221; content_max_width_last_edited=&#8221;on|tablet&#8221; _builder_version=&#8221;3.29.3&#8221; header_level=&#8221;h1&#8221; header_font=&#8221;Oswald||||||||&#8221; body_font=&#8221;Lora||||||||&#8221; body_font_size=&#8221;16px&#8221; background_image=&#8221;https:\/\/uzene.ba\/wp-content\/uploads\/2020\/01\/pattern-15f.png&#8221; parallax=&#8221;on&#8221; custom_padding=&#8221;10px||10px||true|false&#8221; border_radii_image=&#8221;on|30px|30px|30px|30px&#8221; _i=&#8221;0&#8221; _address=&#8221;0.3.0.0&#8221;]Amela Had\u017ei\u0107<br \/>\n<a href=\"tel: +387 61 604 558\">+387 61 604 558<\/a>[\/et_pb_blurb][\/et_pb_column][\/et_pb_row][et_pb_row _builder_version=&#8221;3.29.3&#8221; width=&#8221;100%&#8221; _i=&#8221;4&#8221; _address=&#8221;0.4&#8221;][et_pb_column type=&#8221;4_4&#8221; _builder_version=&#8221;3.29.3&#8221; _i=&#8221;0&#8221; _address=&#8221;0.4.0&#8221;][et_pb_blurb title=&#8221;Slikanje na drvetu akrilnim bojama u kombinaciji s dekupa\u017e tehnikom&#8221; image=&#8221;https:\/\/uzene.ba\/wp-content\/uploads\/2020\/06\/zemka.jpg&#8221; content_max_width=&#8221;65%&#8221; content_max_width_tablet=&#8221;85%&#8221; content_max_width_phone=&#8221;95%&#8221; content_max_width_last_edited=&#8221;on|tablet&#8221; _builder_version=&#8221;3.29.3&#8221; header_level=&#8221;h1&#8221; header_font=&#8221;Oswald||||||||&#8221; body_font=&#8221;Lora||||||||&#8221; body_font_size=&#8221;16px&#8221; background_image=&#8221;https:\/\/uzene.ba\/wp-content\/uploads\/2020\/01\/pattern-15f.png&#8221; parallax=&#8221;on&#8221; custom_padding=&#8221;10px||10px||true|false&#8221; hover_enabled=&#8221;0&#8221; border_radii_image=&#8221;on|30px|30px|30px|30px&#8221; _i=&#8221;0&#8221; _address=&#8221;0.4.0.0&#8221;]Zemka Seferagi\u0107<br \/>\n<a href=\"https:\/\/www.facebook.com\/handmadebyzemka\">Facebook<\/a><br \/>\n<a href=\"https:\/\/www.instagram.com\/handmadezemkaart\/>Instagram<\/a><br \/><a href=\"tel: +387 61 870 131\">+387 61 870 131<\/a>[\/et_pb_blurb][\/et_pb_column][\/et_pb_row][et_pb_row _builder_version=&#8221;3.29.3&#8221; width=&#8221;100%&#8221; _i=&#8221;5&#8221; _address=&#8221;0.5&#8221;][et_pb_column type=&#8221;4_4&#8221; _builder_version=&#8221;3.29.3&#8221; _i=&#8221;0&#8221; _address=&#8221;0.5.0&#8221;][et_pb_blurb title=&#8221;Crtanje na svili i izrada unikatnih kreacija&#8221; image=&#8221;https:\/\/uzene.ba\/wp-content\/uploads\/2020\/02\/\u0110enanaMesic.png&#8221; content_max_width=&#8221;65%&#8221; content_max_width_tablet=&#8221;85%&#8221; content_max_width_phone=&#8221;95%&#8221; content_max_width_last_edited=&#8221;on|tablet&#8221; _builder_version=&#8221;3.29.3&#8221; header_level=&#8221;h1&#8221; header_font=&#8221;Oswald||||||||&#8221; body_font=&#8221;Lora||||||||&#8221; body_font_size=&#8221;16px&#8221; background_image=&#8221;https:\/\/uzene.ba\/wp-content\/uploads\/2020\/01\/pattern-15f.png&#8221; parallax=&#8221;on&#8221; custom_padding=&#8221;10px||10px||true|false&#8221; border_radii_image=&#8221;on|30px|30px|30px|30px&#8221; _i=&#8221;0&#8221; _address=&#8221;0.5.0.0&#8221;]\u0110enana Mesi\u0107<br \/>\n<a href=\"tel: +387 61 764 711\">+387 61 764 711<\/a>[\/et_pb_blurb][\/et_pb_column][\/et_pb_row][et_pb_row _builder_version=&#8221;3.29.3&#8221; width=&#8221;100%&#8221; _i=&#8221;6&#8221; _address=&#8221;0.6&#8221;][et_pb_column type=&#8221;4_4&#8221; _builder_version=&#8221;3.29.3&#8221; _i=&#8221;0&#8221; _address=&#8221;0.6.0&#8221;][et_pb_blurb title=&#8221;Slike na alu foliji. Turski vez. Akvareli.&#8221; image=&#8221;https:\/\/uzene.ba\/wp-content\/uploads\/2020\/02\/JasminaKostovic.png&#8221; content_max_width=&#8221;65%&#8221; content_max_width_tablet=&#8221;85%&#8221; content_max_width_phone=&#8221;95%&#8221; content_max_width_last_edited=&#8221;on|tablet&#8221; _builder_version=&#8221;3.29.3&#8221; header_level=&#8221;h1&#8221; header_font=&#8221;Oswald||||||||&#8221; body_font=&#8221;Lora||||||||&#8221; body_font_size=&#8221;16px&#8221; background_image=&#8221;https:\/\/uzene.ba\/wp-content\/uploads\/2020\/01\/pattern-15f.png&#8221; parallax=&#8221;on&#8221; custom_padding=&#8221;10px||10px||true|false&#8221; border_radii_image=&#8221;on|30px|30px|30px|30px&#8221; _i=&#8221;0&#8221; _address=&#8221;0.6.0.0&#8221;]Jasmina Kostovi\u0107<br \/>\n<a href=\"tel: +387 61 334 348\">+387 61 334 348<\/a>[\/et_pb_blurb][\/et_pb_column][\/et_pb_row][et_pb_row _builder_version=&#8221;3.29.3&#8221; width=&#8221;100%&#8221; _i=&#8221;7&#8221; _address=&#8221;0.7&#8221;][et_pb_column type=&#8221;4_4&#8221; _builder_version=&#8221;3.29.3&#8221; _i=&#8221;0&#8221; _address=&#8221;0.7.0&#8221;][et_pb_blurb title=&#8221;Mervana Kadri\u0107 Makeup&#8221; image=&#8221;https:\/\/uzene.ba\/wp-content\/uploads\/2020\/02\/MervanaKadri\u0107.png&#8221; content_max_width=&#8221;65%&#8221; content_max_width_tablet=&#8221;85%&#8221; content_max_width_phone=&#8221;95%&#8221; content_max_width_last_edited=&#8221;on|tablet&#8221; _builder_version=&#8221;3.29.3&#8221; header_level=&#8221;h1&#8221; header_font=&#8221;Oswald||||||||&#8221; body_font=&#8221;Lora||||||||&#8221; body_font_size=&#8221;16px&#8221; background_image=&#8221;https:\/\/uzene.ba\/wp-content\/uploads\/2020\/01\/pattern-15f.png&#8221; parallax=&#8221;on&#8221; custom_padding=&#8221;10px||10px||true|false&#8221; border_radii_image=&#8221;on|30px|30px|30px|30px&#8221; _i=&#8221;0&#8221; _address=&#8221;0.7.0.0&#8221;]Mervana Kadri\u0107<br \/>\n<a href=\"tel: +387 61 260 250\">+387 61 260 250<\/a><br \/>\n<a href=\"https:\/\/www.facebook.com\/MervanaKadricMakeup\/\">Facebook stranica<\/a>[\/et_pb_blurb][\/et_pb_column][\/et_pb_row][et_pb_row _builder_version=&#8221;3.29.3&#8221; width=&#8221;100%&#8221; _i=&#8221;8&#8221; _address=&#8221;0.8&#8221;][et_pb_column type=&#8221;4_4&#8221; _builder_version=&#8221;3.29.3&#8221; _i=&#8221;0&#8221; _address=&#8221;0.8.0&#8221;][et_pb_blurb title=&#8221;Prirodna kozmetika Arija, na bazi organskih eteri\u010dnih ulja iz Hercegovine&#8221; image=&#8221;https:\/\/uzene.ba\/wp-content\/uploads\/2020\/02\/Jovana-Mari\u0107.jpg&#8221; content_max_width=&#8221;65%&#8221; content_max_width_tablet=&#8221;85%&#8221; content_max_width_phone=&#8221;95%&#8221; content_max_width_last_edited=&#8221;on|tablet&#8221; _builder_version=&#8221;3.29.3&#8221; header_level=&#8221;h1&#8221; header_font=&#8221;Oswald||||||||&#8221; body_font=&#8221;Lora||||||||&#8221; body_font_size=&#8221;16px&#8221; background_image=&#8221;https:\/\/uzene.ba\/wp-content\/uploads\/2020\/01\/pattern-15f.png&#8221; parallax=&#8221;on&#8221; custom_padding=&#8221;10px||10px||true|false&#8221; border_radii_image=&#8221;on|30px|30px|30px|30px&#8221; _i=&#8221;0&#8221; _address=&#8221;0.8.0.0&#8221;]Jovana Mari\u0107<br \/>\n<a href=\"tel: +387 65 605 792\">+387 65 605 792<\/a>[\/et_pb_blurb][\/et_pb_column][\/et_pb_row][et_pb_row _builder_version=&#8221;3.29.3&#8221; width=&#8221;100%&#8221; _i=&#8221;9&#8221; _address=&#8221;0.9&#8221;][et_pb_column type=&#8221;4_4&#8221; _builder_version=&#8221;3.29.3&#8221; _i=&#8221;0&#8221; _address=&#8221;0.9.0&#8221;][et_pb_blurb title=&#8221;%22P\u010delarstvo HARBA\u0160%22 (med, polen, propolis, mati\u010dina mlije\u010d, vosak, kreme, sirupi, ulja, kapi, \u010dajevi&#8230;)&#8221; image=&#8221;https:\/\/uzene.ba\/wp-content\/uploads\/2020\/02\/Almira-Harbas.jpg&#8221; content_max_width=&#8221;65%&#8221; content_max_width_tablet=&#8221;85%&#8221; content_max_width_phone=&#8221;95%&#8221; content_max_width_last_edited=&#8221;on|tablet&#8221; _builder_version=&#8221;3.29.3&#8221; header_level=&#8221;h1&#8221; header_font=&#8221;Oswald||||||||&#8221; body_font=&#8221;Lora||||||||&#8221; body_font_size=&#8221;16px&#8221; background_image=&#8221;https:\/\/uzene.ba\/wp-content\/uploads\/2020\/01\/pattern-15f.png&#8221; parallax=&#8221;on&#8221; custom_padding=&#8221;10px||10px||true|false&#8221; border_radii_image=&#8221;on|30px|30px|30px|30px&#8221; _i=&#8221;0&#8221; _address=&#8221;0.9.0.0&#8221;]Almira Harba\u0161<br \/>\n<a href=\"tel: +387 62 886 304\">+387 62 886 304<\/a>[\/et_pb_blurb][\/et_pb_column][\/et_pb_row][et_pb_row _builder_version=&#8221;3.29.3&#8221; width=&#8221;100%&#8221; _i=&#8221;10&#8221; _address=&#8221;0.10&#8221;][et_pb_column type=&#8221;4_4&#8221; _builder_version=&#8221;3.29.3&#8221; _i=&#8221;0&#8221; _address=&#8221;0.10.0&#8221;][et_pb_blurb title=&#8221;Prirodni kozmeti\u010dki proizvodi na bazi p\u010delinjeg voska, prirodnih i eteri\u010dnih ulja bez konzervanasa i parfema &#8221; image=&#8221;https:\/\/uzene.ba\/wp-content\/uploads\/2020\/02\/Nikolina.jpg&#8221; content_max_width=&#8221;65%&#8221; content_max_width_tablet=&#8221;85%&#8221; content_max_width_phone=&#8221;95%&#8221; content_max_width_last_edited=&#8221;on|tablet&#8221; _builder_version=&#8221;3.29.3&#8221; header_level=&#8221;h1&#8221; header_font=&#8221;Oswald||||||||&#8221; body_font=&#8221;Lora||||||||&#8221; body_font_size=&#8221;16px&#8221; background_image=&#8221;https:\/\/uzene.ba\/wp-content\/uploads\/2020\/01\/pattern-15f.png&#8221; parallax=&#8221;on&#8221; custom_padding=&#8221;10px||10px||true|false&#8221; border_radii_image=&#8221;on|30px|30px|30px|30px&#8221; _i=&#8221;0&#8221; _address=&#8221;0.10.0.0&#8221;]Nikolina Petkovi\u0107 Jalovi\u010di\u0107<br \/>\n<a href=\"tel: +387 61 208 403\">+387 61 208 403<\/a>[\/et_pb_blurb][\/et_pb_column][\/et_pb_row][et_pb_row _builder_version=&#8221;3.29.3&#8221; width=&#8221;100%&#8221; _i=&#8221;11&#8221; _address=&#8221;0.11&#8221;][et_pb_column type=&#8221;4_4&#8221; _builder_version=&#8221;3.29.3&#8221; _i=&#8221;0&#8221; _address=&#8221;0.11.0&#8221;][et_pb_blurb title=&#8221;Narukvice \u017eelja&#8221; image=&#8221;https:\/\/uzene.ba\/wp-content\/uploads\/2020\/02\/Melisa.jpg&#8221; content_max_width=&#8221;65%&#8221; content_max_width_tablet=&#8221;85%&#8221; content_max_width_phone=&#8221;95%&#8221; content_max_width_last_edited=&#8221;on|tablet&#8221; _builder_version=&#8221;3.29.3&#8221; header_level=&#8221;h1&#8221; header_font=&#8221;Oswald||||||||&#8221; body_font=&#8221;Lora||||||||&#8221; body_font_size=&#8221;16px&#8221; background_image=&#8221;https:\/\/uzene.ba\/wp-content\/uploads\/2020\/01\/pattern-15f.png&#8221; parallax=&#8221;on&#8221; custom_padding=&#8221;10px||10px||true|false&#8221; border_radii_image=&#8221;on|30px|30px|30px|30px&#8221; _i=&#8221;0&#8221; _address=&#8221;0.11.0.0&#8221;]Melisa Trnjanin<br \/>\n<a href=\"tel: +387 65 290 041\">+387 65 290 041<\/a><br \/>\n<a href=\"https:\/\/instagram.com\/narukvice_zelja\">Instagram stranca<\/a>[\/et_pb_blurb][\/et_pb_column][\/et_pb_row][et_pb_row _builder_version=&#8221;3.29.3&#8221; width=&#8221;100%&#8221; _i=&#8221;12&#8221; _address=&#8221;0.12&#8221;][et_pb_column type=&#8221;4_4&#8221; _builder_version=&#8221;3.29.3&#8221; _i=&#8221;0&#8221; _address=&#8221;0.12.0&#8221;][et_pb_blurb title=&#8221;DOTS  &#8211; Tehnika slikanja ta\u010dkama (nakit, slike, dekorativni predmeti, torbe, ruksaci i drugi predmeti od tekstila sa printom DOTS radova)&#8221; image=&#8221;https:\/\/uzene.ba\/wp-content\/uploads\/2020\/05\/NezlaAdilagic.jpg&#8221; content_max_width=&#8221;65%&#8221; content_max_width_tablet=&#8221;85%&#8221; content_max_width_phone=&#8221;95%&#8221; content_max_width_last_edited=&#8221;on|tablet&#8221; _builder_version=&#8221;3.29.3&#8221; header_level=&#8221;h1&#8221; header_font=&#8221;Oswald||||||||&#8221; body_font=&#8221;Lora||||||||&#8221; body_font_size=&#8221;16px&#8221; background_image=&#8221;https:\/\/uzene.ba\/wp-content\/uploads\/2020\/01\/pattern-15f.png&#8221; parallax=&#8221;on&#8221; custom_padding=&#8221;10px||10px||true|false&#8221; border_radii_image=&#8221;on|30px|30px|30px|30px&#8221; _i=&#8221;0&#8221; _address=&#8221;0.12.0.0&#8221;]Ne\u017ela Adilagi\u0107<br \/>\n<a href=\"tel:+38761220868>+387 61 220 868<\/a><br \/><a href=\"https:>Facebook<\/a><br \/>\n<a href=\"\/en\/www.instagram.com\/dots.by.bih\/\">Instagram<\/a>[\/et_pb_blurb][\/et_pb_column][\/et_pb_row][et_pb_row _builder_version=&#8221;3.29.3&#8221; width=&#8221;100%&#8221; _i=&#8221;13&#8221; _address=&#8221;0.13&#8221;][et_pb_column type=&#8221;4_4&#8221; _builder_version=&#8221;3.29.3&#8221; _i=&#8221;0&#8221; _address=&#8221;0.13.0&#8221;][et_pb_blurb title=&#8221;Izuzetno precizno i kvalitetno \u0161ivenje raznih vrsta zavjesa, paravana, jastu\u010dnica, stolnjaka, nadstolnjaka, posteljina i dr.&#8221; image=&#8221;https:\/\/uzene.ba\/wp-content\/uploads\/2020\/05\/Screenshot-from-2020-05-06-08-27-26.png&#8221; content_max_width=&#8221;65%&#8221; content_max_width_tablet=&#8221;85%&#8221; content_max_width_phone=&#8221;95%&#8221; content_max_width_last_edited=&#8221;on|tablet&#8221; _builder_version=&#8221;3.29.3&#8221; header_level=&#8221;h1&#8221; header_font=&#8221;Oswald||||||||&#8221; body_font=&#8221;Lora||||||||&#8221; body_font_size=&#8221;16px&#8221; background_image=&#8221;https:\/\/uzene.ba\/wp-content\/uploads\/2020\/01\/pattern-15f.png&#8221; parallax=&#8221;on&#8221; custom_padding=&#8221;10px||10px||true|false&#8221; border_radii_image=&#8221;on|30px|30px|30px|30px&#8221; _i=&#8221;0&#8221; _address=&#8221;0.13.0.0&#8221;]Fadila Memi\u0107 Pilavd\u017eija<br \/>\n<a href=\"tel: + 387 63 016 424\">+ 387 63 016 424<\/a>[\/et_pb_blurb][\/et_pb_column][\/et_pb_row][et_pb_row _builder_version=&#8221;3.29.3&#8221; width=&#8221;100%&#8221; _i=&#8221;14&#8221; _address=&#8221;0.14&#8221;][et_pb_column type=&#8221;4_4&#8221; _builder_version=&#8221;3.29.3&#8221; _i=&#8221;0&#8221; _address=&#8221;0.14.0&#8221;][et_pb_blurb title=&#8221;Med i prirodna kozmetika iz srca Krajine&#8221; image=&#8221;https:\/\/uzene.ba\/wp-content\/uploads\/2020\/05\/Screenshot-from-2020-05-06-08-29-28.png&#8221; content_max_width=&#8221;65%&#8221; content_max_width_tablet=&#8221;85%&#8221; content_max_width_phone=&#8221;95%&#8221; content_max_width_last_edited=&#8221;on|tablet&#8221; _builder_version=&#8221;3.29.3&#8221; header_level=&#8221;h1&#8221; header_font=&#8221;Oswald||||||||&#8221; body_font=&#8221;Lora||||||||&#8221; body_font_size=&#8221;16px&#8221; background_image=&#8221;https:\/\/uzene.ba\/wp-content\/uploads\/2020\/01\/pattern-15f.png&#8221; parallax=&#8221;on&#8221; custom_padding=&#8221;10px||10px||true|false&#8221; border_radii_image=&#8221;on|30px|30px|30px|30px&#8221; _i=&#8221;0&#8221; _address=&#8221;0.14.0.0&#8221;]Mine (Minka) \u0160abi\u0107<br \/>\n<a href=\"tel: +387 61 058 946\">+387 61 058 946<\/a>[\/et_pb_blurb][\/et_pb_column][\/et_pb_row][\/et_pb_section]<\/p>","protected":false},"excerpt":{"rendered":"<p>[et_pb_section fb_built=&#8221;1&#8221; _builder_version=&#8221;3.29.3&#8221; fb_built=&#8221;1&#8221; _i=&#8221;0&#8221; _address=&#8221;0&#8221;][et_pb_row _builder_version=&#8221;3.29.3&#8221; background_image=&#8221;https:\/\/uzene.ba\/wp-content\/uploads\/2020\/01\/pattern-15f.png&#8221; _i=&#8221;0&#8221; _address=&#8221;0.0&#8221;][et_pb_column type=&#8221;4_4&#8221; _builder_version=&#8221;3.29.3&#8221; _i=&#8221;0&#8221; _address=&#8221;0.0.0&#8221;][et_pb_post_title meta=&#8221;off&#8221; featured_image=&#8221;off&#8221; _builder_version=&#8221;3.29.3&#8221; title_font=&#8221;Lora|||||on|||&#8221; title_text_align=&#8221;center&#8221; title_font_size=&#8221;38px&#8221; _i=&#8221;0&#8221; _address=&#8221;0.0.0.0&#8221;][\/et_pb_post_title][\/et_pb_column][\/et_pb_row][et_pb_row _builder_version=&#8221;3.29.3&#8221; width=&#8221;100%&#8221; _i=&#8221;1&#8221; _address=&#8221;0.1&#8221;][et_pb_column type=&#8221;4_4&#8221; _builder_version=&#8221;3.29.3&#8221; _i=&#8221;0&#8221; _address=&#8221;0.1.0&#8221;][et_pb_blurb title=&#8221;Zbirka pjesama %22\u017dena bosanska%22&#8221; image=&#8221;https:\/\/uzene.ba\/wp-content\/uploads\/2020\/01\/0-02-05-23978ec961ceb5fd78b3b5ddcaf48fef6f6e6f3af033f8a7f4916da313406458_1f88f1e8e94319.jpg&#8221; content_max_width=&#8221;65%&#8221; content_max_width_tablet=&#8221;85%&#8221; content_max_width_phone=&#8221;95%&#8221; content_max_width_last_edited=&#8221;on|tablet&#8221; _builder_version=&#8221;3.29.3&#8221; header_level=&#8221;h1&#8221; header_font=&#8221;Oswald||||||||&#8221; body_font=&#8221;Lora||||||||&#8221; body_font_size=&#8221;16px&#8221; background_image=&#8221;https:\/\/uzene.ba\/wp-content\/uploads\/2020\/01\/pattern-15f.png&#8221; parallax=&#8221;on&#8221; custom_padding=&#8221;10px||10px||true|false&#8221; border_radii_image=&#8221;on|30px|30px|30px|30px&#8221; _i=&#8221;0&#8221; _address=&#8221;0.1.0.0&#8221;]Amina Buljuba\u0161i\u0107 +387 61 690 702[\/et_pb_blurb][\/et_pb_column][\/et_pb_row][et_pb_row [&hellip;]<\/p>","protected":false},"author":1,"featured_media":0,"parent":0,"menu_order":0,"comment_status":"closed","ping_status":"closed","template":"","meta":{"_et_pb_use_builder":"on","_et_pb_old_content":"","_et_gb_content_width":""},"yoast_head":"<!-- This site is optimized with the Yoast SEO plugin v14.8 - https:\/\/yoast.com\/wordpress\/plugins\/seo\/ -->\n<title>Na\u0161ih ruku djela - Ujedinjene \u017eene<\/title>\n<meta name=\"robots\" content=\"index, follow\" \/>\n<meta name=\"googlebot\" content=\"index, follow, max-snippet:-1, max-image-preview:large, max-video-preview:-1\" \/>\n<meta name=\"bingbot\" content=\"index, follow, max-snippet:-1, max-image-preview:large, max-video-preview:-1\" \/>\n<link rel=\"canonical\" href=\"https:\/\/uzene.ba\/en\/nasih-ruku-djela\/\" \/>\n<meta property=\"og:locale\" content=\"en_GB\" \/>\n<meta property=\"og:type\" content=\"article\" \/>\n<meta property=\"og:title\" content=\"Na\u0161ih ruku djela - Ujedinjene \u017eene\" \/>\n<meta property=\"og:description\" content=\"[et_pb_section fb_built=&#8221;1&#8221; _builder_version=&#8221;3.29.3&#8221; fb_built=&#8221;1&#8221; _i=&#8221;0&#8221; _address=&#8221;0&#8221;][et_pb_row _builder_version=&#8221;3.29.3&#8221; background_image=&#8221;https:\/\/uzene.ba\/wp-content\/uploads\/2020\/01\/pattern-15f.png&#8221; _i=&#8221;0&#8221; _address=&#8221;0.0&#8221;][et_pb_column type=&#8221;4_4&#8221; _builder_version=&#8221;3.29.3&#8221; _i=&#8221;0&#8221; _address=&#8221;0.0.0&#8221;][et_pb_post_title meta=&#8221;off&#8221; featured_image=&#8221;off&#8221; _builder_version=&#8221;3.29.3&#8221; title_font=&#8221;Lora|||||on|||&#8221; title_text_align=&#8221;center&#8221; title_font_size=&#8221;38px&#8221; _i=&#8221;0&#8221; _address=&#8221;0.0.0.0&#8221;][\/et_pb_post_title][\/et_pb_column][\/et_pb_row][et_pb_row _builder_version=&#8221;3.29.3&#8221; width=&#8221;100%&#8221; _i=&#8221;1&#8221; _address=&#8221;0.1&#8221;][et_pb_column type=&#8221;4_4&#8221; _builder_version=&#8221;3.29.3&#8221; _i=&#8221;0&#8221; _address=&#8221;0.1.0&#8221;][et_pb_blurb title=&#8221;Zbirka pjesama %22\u017dena bosanska%22&#8221; image=&#8221;https:\/\/uzene.ba\/wp-content\/uploads\/2020\/01\/0-02-05-23978ec961ceb5fd78b3b5ddcaf48fef6f6e6f3af033f8a7f4916da313406458_1f88f1e8e94319.jpg&#8221; content_max_width=&#8221;65%&#8221; content_max_width_tablet=&#8221;85%&#8221; content_max_width_phone=&#8221;95%&#8221; content_max_width_last_edited=&#8221;on|tablet&#8221; _builder_version=&#8221;3.29.3&#8221; header_level=&#8221;h1&#8221; header_font=&#8221;Oswald||||||||&#8221; body_font=&#8221;Lora||||||||&#8221; body_font_size=&#8221;16px&#8221; background_image=&#8221;https:\/\/uzene.ba\/wp-content\/uploads\/2020\/01\/pattern-15f.png&#8221; parallax=&#8221;on&#8221; custom_padding=&#8221;10px||10px||true|false&#8221; border_radii_image=&#8221;on|30px|30px|30px|30px&#8221; _i=&#8221;0&#8221; _address=&#8221;0.1.0.0&#8221;]Amina Buljuba\u0161i\u0107 +387 61 690 702[\/et_pb_blurb][\/et_pb_column][\/et_pb_row][et_pb_row [&hellip;]\" \/>\n<meta property=\"og:url\" content=\"https:\/\/uzene.ba\/en\/nasih-ruku-djela\/\" \/>\n<meta property=\"og:site_name\" content=\"Ujedinjene \u017eene\" \/>\n<meta property=\"article:publisher\" content=\"https:\/\/www.facebook.com\/ujedinjenezenebih\/\" \/>\n<meta property=\"article:modified_time\" content=\"2020-06-27T09:53:42+00:00\" \/>\n<script type=\"application\/ld+json\" class=\"yoast-schema-graph\">{\"@context\":\"https:\/\/schema.org\",\"@graph\":[{\"@type\":\"WebSite\",\"@id\":\"https:\/\/uzene.ba\/en\/#website\",\"url\":\"https:\/\/uzene.ba\/en\/\",\"name\":\"Ujedinjene \\u017eene\",\"description\":\"Oficijelna stranica udru\\u017eenja &quot;Ujedinjene \\u017eene&quot; Bosne i Hercegovine\",\"potentialAction\":[{\"@type\":\"SearchAction\",\"target\":\"https:\/\/uzene.ba\/en\/?s={search_term_string}\",\"query-input\":\"required name=search_term_string\"}],\"inLanguage\":\"en-GB\"},{\"@type\":\"WebPage\",\"@id\":\"https:\/\/uzene.ba\/nasih-ruku-djela\/#webpage\",\"url\":\"https:\/\/uzene.ba\/nasih-ruku-djela\/\",\"name\":\"Na\\u0161ih ruku djela - Ujedinjene \\u017eene\",\"isPartOf\":{\"@id\":\"https:\/\/uzene.ba\/en\/#website\"},\"datePublished\":\"2020-01-07T18:16:28+00:00\",\"dateModified\":\"2020-06-27T09:53:42+00:00\",\"inLanguage\":\"en-GB\",\"potentialAction\":[{\"@type\":\"ReadAction\",\"target\":[\"https:\/\/uzene.ba\/nasih-ruku-djela\/\"]}]}]}<\/script>\n<!-- \/ Yoast SEO plugin. -->","_links":{"self":[{"href":"https:\/\/uzene.ba\/en\/wp-json\/wp\/v2\/pages\/692"}],"collection":[{"href":"https:\/\/uzene.ba\/en\/wp-json\/wp\/v2\/pages"}],"about":[{"href":"https:\/\/uzene.ba\/en\/wp-json\/wp\/v2\/types\/page"}],"author":[{"embeddable":true,"href":"https:\/\/uzene.ba\/en\/wp-json\/wp\/v2\/users\/1"}],"replies":[{"embeddable":true,"href":"https:\/\/uzene.ba\/en\/wp-json\/wp\/v2\/comments?post=692"}],"version-history":[{"count":17,"href":"https:\/\/uzene.ba\/en\/wp-json\/wp\/v2\/pages\/692\/revisions"}],"predecessor-version":[{"id":1077,"href":"https:\/\/uzene.ba\/en\/wp-json\/wp\/v2\/pages\/692\/revisions\/1077"}],"wp:attachment":[{"href":"https:\/\/uzene.ba\/en\/wp-json\/wp\/v2\/media?parent=692"}],"curies":[{"name":"wp","href":"https:\/\/api.w.org\/{rel}","templated":true}]}}