{"id":752,"date":"2020-02-08T21:27:39","date_gmt":"2020-02-08T21:27:39","guid":{"rendered":"https:\/\/uzene.ba\/?page_id=752"},"modified":"2020-06-27T09:48:55","modified_gmt":"2020-06-27T09:48:55","slug":"konferencija","status":"publish","type":"page","link":"https:\/\/uzene.ba\/en\/konferencija\/","title":{"rendered":"Konferencija"},"content":{"rendered":"<p>[et_pb_section fb_built=&#8221;1&#8221; _builder_version=&#8221;3.29.3&#8221; fb_built=&#8221;1&#8221; _i=&#8221;0&#8221; _address=&#8221;0&#8221;][et_pb_row _builder_version=&#8221;3.29.3&#8221; _i=&#8221;0&#8221; _address=&#8221;0.0&#8221;][et_pb_column type=&#8221;4_4&#8221; _builder_version=&#8221;3.29.3&#8221; _i=&#8221;0&#8221; _address=&#8221;0.0.0&#8221;][et_pb_text _builder_version=&#8221;3.29.3&#8221; header_font=&#8221;Oswald|||on|||||&#8221; header_font_size=&#8221;44px&#8221; header_line_height=&#8221;1.2em&#8221; hover_enabled=&#8221;0&#8221; locked=&#8221;off&#8221; _i=&#8221;0&#8221; _address=&#8221;0.0.0.0&#8221; header_font_size_last_edited=&#8221;on|phone&#8221; header_font_size_phone=&#8221;34px&#8221;]<\/p>\n<h1 style=\"text-align: center;\">1.KONFERENCIJA UMRE\u017dAVANJA BOSANSKOHERCEGOVA\u010cKIH \u017dENA<\/h1>\n<p>[\/et_pb_text][\/et_pb_column][\/et_pb_row][et_pb_row _builder_version=&#8221;3.29.3&#8221; _i=&#8221;1&#8221; _address=&#8221;0.1&#8221;][et_pb_column type=&#8221;4_4&#8221; _builder_version=&#8221;3.29.3&#8221; _i=&#8221;0&#8221; _address=&#8221;0.1.0&#8221;][et_pb_text _builder_version=&#8221;3.29.3&#8221; text_font=&#8221;Lora||||||||&#8221; text_font_size=&#8221;16px&#8221; text_orientation=&#8221;center&#8221; _i=&#8221;0&#8221; _address=&#8221;0.1.0.0&#8221;]U srcu prirode, u hotelu \u201eZlatna nit\u201c nadomak Bosanske Krupe 7.marta 2020. godine odr\u017eana je 1. KONFERENCIJA UMRE\u017dAVANJA BOSANSKOHERCEGOVA\u010cKIH \u017dENA.<br \/>\nOkupile su se \u017eene iz raznih dijelova Bosne i Hercegovine i  iseljeni\u0161tva kako bi dale podr\u0161ku jedna drugoj i inicirale  izgradnju  vlastite mre\u017ee \u017eena.[\/et_pb_text][et_pb_button button_url=&#8221;https:\/\/docs.google.com\/forms\/d\/e\/1FAIpQLSeetUYJe7UVm39g49-bNMtjf-UG4UNnzUL6eDHB0rEvKWuUBA\/viewform&#8221; url_new_window=&#8221;on&#8221; button_text=&#8221;REGISTRIRAJ SE&#8221; button_alignment=&#8221;center&#8221; disabled_on=&#8221;on|on|on&#8221; _builder_version=&#8221;3.29.3&#8221; disabled=&#8221;on&#8221; _i=&#8221;1&#8221; _address=&#8221;0.1.0.1&#8221;][\/et_pb_button][\/et_pb_column][\/et_pb_row][et_pb_row _builder_version=&#8221;3.29.3&#8221; _i=&#8221;2&#8221; _address=&#8221;0.2&#8221;][et_pb_column type=&#8221;4_4&#8221; _builder_version=&#8221;3.29.3&#8221; _i=&#8221;0&#8221; _address=&#8221;0.2.0&#8221;][et_pb_gallery gallery_ids=&#8221;1012,1013,1014,1015,1016,1017,1018,1019,1020,1021,1022,1023,1024,1025,1026,1027,1028,1029,1030,1031,1032,1033,1034,1035,1036,1037,1038,1039,1040,1041,1042,1043,1044,1045,1046,1047,1048,1049,1050,1051,1052,1053,1054,1055,1056,1057,1058,1059,1060,1061,1062,1063,1064,1065,1066,1067,1068,1069,1070&#8221; posts_number=&#8221;59&#8221; show_title_and_caption=&#8221;off&#8221; show_pagination=&#8221;off&#8221; _builder_version=&#8221;3.29.3&#8221; _i=&#8221;0&#8221; _address=&#8221;0.2.0.0&#8221;][\/et_pb_gallery][\/et_pb_column][\/et_pb_row][et_pb_row disabled_on=&#8221;on|on|on&#8221; _builder_version=&#8221;3.29.3&#8221; disabled=&#8221;on&#8221; _i=&#8221;3&#8221; _address=&#8221;0.3&#8221;][et_pb_column type=&#8221;4_4&#8221; _builder_version=&#8221;3.29.3&#8221; _i=&#8221;0&#8221; _address=&#8221;0.3.0&#8221;][et_pb_text _builder_version=&#8221;3.29.3&#8221; text_font=&#8221;Lora||||||||&#8221; text_font_size=&#8221;24px&#8221; text_line_height=&#8221;1.8em&#8221; header_line_height=&#8221;1.3em&#8221; text_orientation=&#8221;center&#8221; _i=&#8221;0&#8221; _address=&#8221;0.3.0.0&#8221;]<\/p>\n<p>Udru\u017eenje &#8220;Ujedinjene \u017eene&#8221;<br \/> Povodom Dana \u017eena<br \/> objavljuje konkurs<br \/> za najbolji esej na temu<\/p>\n<p>[\/et_pb_text][et_pb_image src=&#8221;https:\/\/uzene.ba\/wp-content\/uploads\/2020\/02\/equal.jpg&#8221; align=&#8221;center&#8221; _builder_version=&#8221;3.29.3&#8221; _i=&#8221;1&#8221; _address=&#8221;0.3.0.1&#8221;][\/et_pb_image][et_pb_text _builder_version=&#8221;3.29.3&#8221; _i=&#8221;2&#8221; _address=&#8221;0.3.0.2&#8221;]<\/p>\n<h2 style=\"text-align: center;\">&#8220;Jedinstvom \u017eena do ravnopravnosti&#8221;<br \/> ili<br \/> &#8220;Ravnopravnost \u017eena, klju\u010d napretka&#8221;<\/h2>\n<h4>Uvjeti:<\/h4>\n<ul>\n<li>Pravo u\u010destvovanja imaju svi u\u010denici srednjih \u0161kola Unsko-sanskog kantona.<\/li>\n<li>Rad treba biti pisan fontom 12, Times New Roman, prored 1,5<\/li>\n<li>Du\u017eina rada do 5 stranica.<\/li>\n<li>Stru\u010dni \u017eiri \u0107e najbolji rad nagraditi nov\u010danom nagradom u iznosu od 50 KM.<\/li>\n<li>Autor\/ica najboljeg rada \u0107e svoj rad pro\u010ditati na Prvoj konferenciji umre\u017eavanja bosanskohercegova\u010dkih \u017eena koja \u0107e se odr\u017eati 7. marta 2020. godine u Bosanskoj Krupi.<\/li>\n<\/ul>\n<p>Radove slati do 25. februara 2020. godine na e-mail <a href=\"mailto:radovi@uzene.ba\">radovi@uzene.ba<\/a><br \/> Rezultati \u0107e biti objavljeni do 5. marta 2020. godine.<br \/> Svi pristigli radovi \u0107e biti objavljeni u zajedni\u010dkoj zbirci na web stranici udru\u017eenja.<br \/> <a href=\"https:\/\/uzene.ba\/en\/\">https:\/\/uzene.ba<\/a><br \/> Autori\/ice poslanih radova ustupaju pravo objavljivanja bez nov\u010dane naknade.<\/p>\n<p style=\"text-align: right;\">dr. sci. Jasna Hamzabegovi\u0107,<br \/> predsjednica Udru\u017eenja \u201eUjedinjene \u017eene\u201c<\/p>\n<p>[\/et_pb_text][\/et_pb_column][\/et_pb_row][et_pb_row _builder_version=&#8221;3.29.3&#8221; _i=&#8221;4&#8221; _address=&#8221;0.4&#8221;][et_pb_column type=&#8221;4_4&#8221; _builder_version=&#8221;3.29.3&#8221; _i=&#8221;0&#8221; _address=&#8221;0.4.0&#8221;][et_pb_text _builder_version=&#8221;3.29.3&#8221; text_font=&#8221;Oswald|||on|||||&#8221; text_font_size=&#8221;37px&#8221; text_line_height=&#8221;1.8em&#8221; text_orientation=&#8221;center&#8221; _i=&#8221;0&#8221; _address=&#8221;0.4.0.0&#8221;]Agenda konferencije[\/et_pb_text][et_pb_code _builder_version=&#8221;3.29.3&#8221; _i=&#8221;1&#8221; _address=&#8221;0.4.0.1&#8221;]<a href=\"https:\/\/uzene.ba\/wp-content\/uploads\/2020\/03\/AgendaFin.pdf\" class=\"pdfemb-viewer\" style=\"\" data-width=\"max\" data-height=\"max\"  data-toolbar=\"bottom\" data-toolbar-fixed=\"on\">AgendaFin<br\/><\/a>[\/et_pb_code][\/et_pb_column][\/et_pb_row][et_pb_row _builder_version=&#8221;3.29.3&#8221; link_option_url=&#8221;zlatnanit.com&#8221; _i=&#8221;5&#8221; _address=&#8221;0.5&#8221;][et_pb_column type=&#8221;4_4&#8221; _builder_version=&#8221;3.29.3&#8221; _i=&#8221;0&#8221; _address=&#8221;0.5.0&#8221;][et_pb_text _builder_version=&#8221;3.29.3&#8221; text_font=&#8221;Oswald|||on|||||&#8221; text_font_size=&#8221;37px&#8221; text_orientation=&#8221;center&#8221; _i=&#8221;0&#8221; _address=&#8221;0.5.0.0&#8221;]Smje\u0161taj[\/et_pb_text][et_pb_text _builder_version=&#8221;3.29.3&#8221; text_font=&#8221;Lora||||||||&#8221; text_font_size=&#8221;37px&#8221; text_orientation=&#8221;center&#8221; locked=&#8221;off&#8221; _i=&#8221;1&#8221; _address=&#8221;0.5.0.1&#8221;]<a href=\"https:\/\/zlatnanit.com\/\">Hotel &#8220;Zlatna Nit&#8221;<\/a>[\/et_pb_text][et_pb_text _builder_version=&#8221;3.29.3&#8221; text_font=&#8221;Lora||||||||&#8221; text_font_size=&#8221;17px&#8221; text_orientation=&#8221;center&#8221; _i=&#8221;2&#8221; _address=&#8221;0.5.0.2&#8221;]Vranjska bb, 77240 Bosanska Krupa<br \/>\nBosna i Hercegovina[\/et_pb_text][et_pb_image src=&#8221;https:\/\/uzene.ba\/wp-content\/uploads\/2020\/02\/zlatnaNit.jpg&#8221; _builder_version=&#8221;3.29.3&#8221; border_radii=&#8221;on|24px|24px|24px|24px&#8221; _i=&#8221;3&#8221; _address=&#8221;0.5.0.3&#8221;][\/et_pb_image][\/et_pb_column][\/et_pb_row][\/et_pb_section]<\/p>","protected":false},"excerpt":{"rendered":"<p>[et_pb_section fb_built=&#8221;1&#8221; _builder_version=&#8221;3.29.3&#8221; fb_built=&#8221;1&#8221; _i=&#8221;0&#8221; _address=&#8221;0&#8221;][et_pb_row _builder_version=&#8221;3.29.3&#8221; _i=&#8221;0&#8221; _address=&#8221;0.0&#8221;][et_pb_column type=&#8221;4_4&#8221; _builder_version=&#8221;3.29.3&#8221; _i=&#8221;0&#8221; _address=&#8221;0.0.0&#8221;][et_pb_text _builder_version=&#8221;3.29.3&#8221; header_font=&#8221;Oswald|||on|||||&#8221; header_font_size=&#8221;44px&#8221; header_line_height=&#8221;1.2em&#8221; hover_enabled=&#8221;0&#8221; locked=&#8221;off&#8221; _i=&#8221;0&#8221; _address=&#8221;0.0.0.0&#8221; header_font_size_last_edited=&#8221;on|phone&#8221; header_font_size_phone=&#8221;34px&#8221;] 1.KONFERENCIJA UMRE\u017dAVANJA BOSANSKOHERCEGOVA\u010cKIH \u017dENA [\/et_pb_text][\/et_pb_column][\/et_pb_row][et_pb_row _builder_version=&#8221;3.29.3&#8221; _i=&#8221;1&#8221; _address=&#8221;0.1&#8221;][et_pb_column type=&#8221;4_4&#8221; _builder_version=&#8221;3.29.3&#8221; _i=&#8221;0&#8221; _address=&#8221;0.1.0&#8221;][et_pb_text _builder_version=&#8221;3.29.3&#8221; text_font=&#8221;Lora||||||||&#8221; text_font_size=&#8221;16px&#8221; text_orientation=&#8221;center&#8221; _i=&#8221;0&#8221; _address=&#8221;0.1.0.0&#8221;]U srcu prirode, u hotelu \u201eZlatna nit\u201c nadomak Bosanske Krupe 7.marta 2020. godine odr\u017eana je [&hellip;]<\/p>","protected":false},"author":1,"featured_media":0,"parent":0,"menu_order":0,"comment_status":"closed","ping_status":"closed","template":"","meta":{"_et_pb_use_builder":"on","_et_pb_old_content":"","_et_gb_content_width":""},"yoast_head":"<!-- This site is optimized with the Yoast SEO plugin v14.8 - https:\/\/yoast.com\/wordpress\/plugins\/seo\/ -->\n<title>Konferencija - Ujedinjene \u017eene<\/title>\n<meta name=\"robots\" content=\"index, follow\" \/>\n<meta name=\"googlebot\" content=\"index, follow, max-snippet:-1, max-image-preview:large, max-video-preview:-1\" \/>\n<meta name=\"bingbot\" content=\"index, follow, max-snippet:-1, max-image-preview:large, max-video-preview:-1\" \/>\n<link rel=\"canonical\" href=\"https:\/\/uzene.ba\/en\/konferencija\/\" \/>\n<meta property=\"og:locale\" content=\"en_GB\" \/>\n<meta property=\"og:type\" content=\"article\" \/>\n<meta property=\"og:title\" content=\"Konferencija - Ujedinjene \u017eene\" \/>\n<meta property=\"og:description\" content=\"[et_pb_section fb_built=&#8221;1&#8221; _builder_version=&#8221;3.29.3&#8221; fb_built=&#8221;1&#8221; _i=&#8221;0&#8221; _address=&#8221;0&#8221;][et_pb_row _builder_version=&#8221;3.29.3&#8221; _i=&#8221;0&#8221; _address=&#8221;0.0&#8221;][et_pb_column type=&#8221;4_4&#8221; _builder_version=&#8221;3.29.3&#8221; _i=&#8221;0&#8221; _address=&#8221;0.0.0&#8221;][et_pb_text _builder_version=&#8221;3.29.3&#8221; header_font=&#8221;Oswald|||on|||||&#8221; header_font_size=&#8221;44px&#8221; header_line_height=&#8221;1.2em&#8221; hover_enabled=&#8221;0&#8221; locked=&#8221;off&#8221; _i=&#8221;0&#8221; _address=&#8221;0.0.0.0&#8221; header_font_size_last_edited=&#8221;on|phone&#8221; header_font_size_phone=&#8221;34px&#8221;] 1.KONFERENCIJA UMRE\u017dAVANJA BOSANSKOHERCEGOVA\u010cKIH \u017dENA [\/et_pb_text][\/et_pb_column][\/et_pb_row][et_pb_row _builder_version=&#8221;3.29.3&#8221; _i=&#8221;1&#8221; _address=&#8221;0.1&#8221;][et_pb_column type=&#8221;4_4&#8221; _builder_version=&#8221;3.29.3&#8221; _i=&#8221;0&#8221; _address=&#8221;0.1.0&#8221;][et_pb_text _builder_version=&#8221;3.29.3&#8221; text_font=&#8221;Lora||||||||&#8221; text_font_size=&#8221;16px&#8221; text_orientation=&#8221;center&#8221; _i=&#8221;0&#8221; _address=&#8221;0.1.0.0&#8221;]U srcu prirode, u hotelu \u201eZlatna nit\u201c nadomak Bosanske Krupe 7.marta 2020. godine odr\u017eana je [&hellip;]\" \/>\n<meta property=\"og:url\" content=\"https:\/\/uzene.ba\/en\/konferencija\/\" \/>\n<meta property=\"og:site_name\" content=\"Ujedinjene \u017eene\" \/>\n<meta property=\"article:publisher\" content=\"https:\/\/www.facebook.com\/ujedinjenezenebih\/\" \/>\n<meta property=\"article:modified_time\" content=\"2020-06-27T09:48:55+00:00\" \/>\n<script type=\"application\/ld+json\" class=\"yoast-schema-graph\">{\"@context\":\"https:\/\/schema.org\",\"@graph\":[{\"@type\":\"WebSite\",\"@id\":\"https:\/\/uzene.ba\/en\/#website\",\"url\":\"https:\/\/uzene.ba\/en\/\",\"name\":\"Ujedinjene \\u017eene\",\"description\":\"Oficijelna stranica udru\\u017eenja &quot;Ujedinjene \\u017eene&quot; Bosne i Hercegovine\",\"potentialAction\":[{\"@type\":\"SearchAction\",\"target\":\"https:\/\/uzene.ba\/en\/?s={search_term_string}\",\"query-input\":\"required name=search_term_string\"}],\"inLanguage\":\"en-GB\"},{\"@type\":\"WebPage\",\"@id\":\"https:\/\/uzene.ba\/konferencija\/#webpage\",\"url\":\"https:\/\/uzene.ba\/konferencija\/\",\"name\":\"Konferencija - Ujedinjene \\u017eene\",\"isPartOf\":{\"@id\":\"https:\/\/uzene.ba\/en\/#website\"},\"datePublished\":\"2020-02-08T21:27:39+00:00\",\"dateModified\":\"2020-06-27T09:48:55+00:00\",\"inLanguage\":\"en-GB\",\"potentialAction\":[{\"@type\":\"ReadAction\",\"target\":[\"https:\/\/uzene.ba\/konferencija\/\"]}]}]}<\/script>\n<!-- \/ Yoast SEO plugin. -->","_links":{"self":[{"href":"https:\/\/uzene.ba\/en\/wp-json\/wp\/v2\/pages\/752"}],"collection":[{"href":"https:\/\/uzene.ba\/en\/wp-json\/wp\/v2\/pages"}],"about":[{"href":"https:\/\/uzene.ba\/en\/wp-json\/wp\/v2\/types\/page"}],"author":[{"embeddable":true,"href":"https:\/\/uzene.ba\/en\/wp-json\/wp\/v2\/users\/1"}],"replies":[{"embeddable":true,"href":"https:\/\/uzene.ba\/en\/wp-json\/wp\/v2\/comments?post=752"}],"version-history":[{"count":19,"href":"https:\/\/uzene.ba\/en\/wp-json\/wp\/v2\/pages\/752\/revisions"}],"predecessor-version":[{"id":1074,"href":"https:\/\/uzene.ba\/en\/wp-json\/wp\/v2\/pages\/752\/revisions\/1074"}],"wp:attachment":[{"href":"https:\/\/uzene.ba\/en\/wp-json\/wp\/v2\/media?parent=752"}],"curies":[{"name":"wp","href":"https:\/\/api.w.org\/{rel}","templated":true}]}}